{"id":67,"date":"2016-03-15T15:31:10","date_gmt":"2016-03-15T14:31:10","guid":{"rendered":"http:\/\/renesance.opocno.cz\/?page_id=67"},"modified":"2025-03-22T22:31:41","modified_gmt":"2025-03-22T21:31:41","slug":"kontakt","status":"publish","type":"page","link":"https:\/\/renesance.opocno.cz\/en\/kontakt\/","title":{"rendered":"About the Festival"},"content":{"rendered":"<h4 class=\"wp-block-heading\">A unique, multi-genre, freely conceived series dedicated to Renaissance culture, set in the beautiful surroundings of the town of Opo\u010dno and its Renaissance chateau. The local historical landmarks and castle park have long attracted numerous visitors who enjoy attending the cultural events held here.<\/h4>\n\n\n\n<figure class=\"wp-block-image size-large is-resized\"><img loading=\"lazy\" decoding=\"async\" width=\"720\" height=\"279\" src=\"https:\/\/renesance.opocno.cz\/wp-content\/uploads\/2025\/03\/opo-let2-720x279.jpg\" alt=\"\" class=\"wp-image-2629\" style=\"width:960px;height:auto\" srcset=\"https:\/\/renesance.opocno.cz\/wp-content\/uploads\/2025\/03\/opo-let2-720x279.jpg 720w, https:\/\/renesance.opocno.cz\/wp-content\/uploads\/2025\/03\/opo-let2-300x116.jpg 300w, https:\/\/renesance.opocno.cz\/wp-content\/uploads\/2025\/03\/opo-let2-768x298.jpg 768w, https:\/\/renesance.opocno.cz\/wp-content\/uploads\/2025\/03\/opo-let2-1536x595.jpg 1536w, https:\/\/renesance.opocno.cz\/wp-content\/uploads\/2025\/03\/opo-let2-18x7.jpg 18w, https:\/\/renesance.opocno.cz\/wp-content\/uploads\/2025\/03\/opo-let2.jpg 1551w\" sizes=\"auto, (max-width: 720px) 100vw, 720px\" \/><\/figure>\n\n\n\n<div style=\"height:49px\" aria-hidden=\"true\" class=\"wp-block-spacer\"><\/div>\n\n\n\n<div class=\"wp-block-columns is-layout-flex wp-container-core-columns-is-layout-1 wp-block-columns-is-layout-flex\">\n<div class=\"wp-block-column is-layout-flow wp-block-column-is-layout-flow\">\n<div class=\"wp-block-group is-vertical is-content-justification-stretch is-layout-flex wp-container-core-group-is-layout-1 wp-block-group-is-layout-flex\">\n<h2 class=\"wp-block-heading has-text-align-left has-contrast-color has-text-color\">Kamil Reme\u0161<\/h2>\n\n\n\n<h4 class=\"wp-block-heading\">Festival Director<\/h4>\n\n\n\n<div style=\"height:30px\" aria-hidden=\"true\" class=\"wp-block-spacer wp-container-content-1\"><\/div>\n\n\n\n<figure class=\"wp-block-image size-full is-resized\"><img loading=\"lazy\" decoding=\"async\" width=\"427\" height=\"523\" src=\"https:\/\/renesance.opocno.cz\/wp-content\/uploads\/2025\/03\/kamil.jpg\" alt=\"\" class=\"wp-image-2632\" style=\"width:321px;height:auto\" srcset=\"https:\/\/renesance.opocno.cz\/wp-content\/uploads\/2025\/03\/kamil.jpg 427w, https:\/\/renesance.opocno.cz\/wp-content\/uploads\/2025\/03\/kamil-245x300.jpg 245w, https:\/\/renesance.opocno.cz\/wp-content\/uploads\/2025\/03\/kamil-10x12.jpg 10w\" sizes=\"auto, (max-width: 427px) 100vw, 427px\" \/><\/figure>\n\n\n\n<div style=\"height:30px\" aria-hidden=\"true\" class=\"wp-block-spacer wp-container-content-2\"><\/div>\n<\/div>\n<\/div>\n\n\n\n<div class=\"wp-block-column is-layout-flow wp-block-column-is-layout-flow\">\n<p>Graduate of the Conservatory in Pardubice in classical guitar, and of Musicology at Masaryk University in Brno, where he also completed the Academy of Early Music, specializing in lute and theorbo. He works as a teacher at an elementary art school (ZU\u0160), researcher, musician, and conductor. In addition to historiographic musicology (focused on the early modern period), his areas of interest include non-European ethnomusicology and the anthropology of music.<\/p>\n\n\n\n<p>As an active musician, he participates in various projects across genres such as alternative music, world music, and early music, utilizing a wide range of historical and ethnic string instruments. He is a theorbist and co-founding member of the ensemble La Bilancetta, which specializes in the performance of Renaissance and early Baroque music.<\/p>\n\n\n\n<p>In Esfahan, he studied Persian traditional music and the Tar under Ashkan Rahbar.<\/p>\n<\/div>\n<\/div>\n\n\n\n<h4 class=\"wp-block-heading has-text-align-left\"><strong>E-mail:<\/strong>\u00a0renesance.opocno@gmail.com<\/h4>\n\n\n\n<h4 class=\"wp-block-heading has-text-align-left\"><strong>Phone:<\/strong>&nbsp;+420&nbsp;702&nbsp;207&nbsp;228<\/h4>","protected":false},"excerpt":{"rendered":"<p>Unik\u00e1tn\u00ed multi\u017e\u00e1nrov\u00fd, voln\u011b pojat\u00fd cyklus v\u011bnovan\u00fd renesan\u010dn\u00ed kultu\u0159e je zasazen do kr\u00e1sn\u00e9ho prost\u0159ed\u00ed m\u011bsta Opo\u010dno a&nbsp;jeho renesan\u010dn\u00edho z\u00e1mku. M\u00edstn\u00ed historick\u00e9 pam\u00e1tky a&nbsp;z\u00e1meck\u00fd park dlouhodob\u011b l\u00e1kaj\u00ed mno\u017estv\u00ed n\u00e1v\u0161t\u011bvn\u00edk\u016f, kte\u0159\u00ed s&nbsp;oblibou nav\u0161t\u011bvuj\u00ed po\u0159\u00e1dan\u00e9 kulturn\u00ed programy. Kamil Reme\u0161 \u0159editel festivalu Absolvent konzervato\u0159e Pardubice \u2013 obor kytara, absolvent oboru Hudebn\u00ed v\u011bda na MUNI Brno, absolvent Akademie star\u00e9 hudby tamt\u00e9\u017e, [&hellip;]<\/p>","protected":false},"author":1,"featured_media":2629,"parent":0,"menu_order":0,"comment_status":"closed","ping_status":"closed","template":"","meta":{"footnotes":""},"class_list":["post-67","page","type-page","status-publish","has-post-thumbnail","hentry"],"_links":{"self":[{"href":"https:\/\/renesance.opocno.cz\/en\/wp-json\/wp\/v2\/pages\/67","targetHints":{"allow":["GET"]}}],"collection":[{"href":"https:\/\/renesance.opocno.cz\/en\/wp-json\/wp\/v2\/pages"}],"about":[{"href":"https:\/\/renesance.opocno.cz\/en\/wp-json\/wp\/v2\/types\/page"}],"author":[{"embeddable":true,"href":"https:\/\/renesance.opocno.cz\/en\/wp-json\/wp\/v2\/users\/1"}],"replies":[{"embeddable":true,"href":"https:\/\/renesance.opocno.cz\/en\/wp-json\/wp\/v2\/comments?post=67"}],"version-history":[{"count":42,"href":"https:\/\/renesance.opocno.cz\/en\/wp-json\/wp\/v2\/pages\/67\/revisions"}],"predecessor-version":[{"id":2821,"href":"https:\/\/renesance.opocno.cz\/en\/wp-json\/wp\/v2\/pages\/67\/revisions\/2821"}],"wp:featuredmedia":[{"embeddable":true,"href":"https:\/\/renesance.opocno.cz\/en\/wp-json\/wp\/v2\/media\/2629"}],"wp:attachment":[{"href":"https:\/\/renesance.opocno.cz\/en\/wp-json\/wp\/v2\/media?parent=67"}],"curies":[{"name":"wp","href":"https:\/\/api.w.org\/{rel}","templated":true}]}}