{"id":916,"date":"2023-05-03T10:08:51","date_gmt":"2023-05-03T09:08:51","guid":{"rendered":"http:\/\/renesance.opocno.cz\/?page_id=916"},"modified":"2026-04-30T10:57:44","modified_gmt":"2026-04-30T09:57:44","slug":"prihlaska","status":"publish","type":"page","link":"https:\/\/renesance.opocno.cz\/en\/rocnik-2026\/prihlaska\/","title":{"rendered":"Registration"},"content":{"rendered":"<div class=\"wp-block-group has-border-color is-vertical is-layout-flex wp-container-core-group-is-layout-1 wp-block-group-is-layout-flex\" style=\"border-color:#e62b1a;border-width:4px;border-radius:0px;margin-top:0;margin-bottom:0;padding-top:0;padding-right:var(--wp--preset--spacing--50);padding-bottom:0;padding-left:var(--wp--preset--spacing--50)\">\r\n\r\n\r\n<style>@media (min-width:1024px){#cp_calculatedfieldsf_pform_1{min-height:2018px;}}<\/style>\t<pre style=\"display:none !important;\"><script type=\"text\/javascript\">\r\n\t function doValidate_1(form, validation_only)\r\n\t {\r\n\t\tvalidation_only = validation_only || false;\r\n        window['cff_enabling_form' ] = function(_form){\r\n            if(!(_form instanceof $dexQuery)) _form = $dexQuery(_form);\r\n            _form.validate().settings.ignore = '.ignore,.ignorepb';\r\n            _form.removeData('being-submitted');\r\n            _form.find('.submitbtn-disabled').removeClass('submitbtn-disabled');\r\n            _form.find('.cff-processing-form').remove();\r\n        };\r\n        window['cff_disabling_form'] = function(_form){\r\n            if(!(_form instanceof $dexQuery)) _form = $dexQuery(_form);\r\n            if(cff_form_disabled(_form)) return;\r\n            _form.find('.pbSubmit,:submit').addClass('submitbtn-disabled');\r\n            _form.data('being-submitted',1);\r\n            var d = document.createElement('div');\r\n            $dexQuery(d).addClass('cff-processing-form').appendTo(_form.find('#fbuilder'));\r\n        };\r\n        window['cff_form_disabled' ] = function(_form){\r\n            if(!(_form instanceof $dexQuery)) _form = $dexQuery(_form);\r\n            return ('undefined' != typeof _form.data('being-submitted'));\r\n        };\r\n\t\tvar form_identifier =  '_1';\r\n\t\tif(typeof cpcff_validation_rules == 'undefined') cpcff_validation_rules = {};\r\n\t\tif(typeof cpcff_validation_rules[form_identifier] == 'undefined') cpcff_validation_rules[form_identifier] = {};\r\n\t\tvar $dexQuery = (fbuilderjQuery) ? fbuilderjQuery : jQuery.noConflict(),\r\n\t\t\t_form = $dexQuery(\"#cp_calculatedfieldsf_pform\"+form_identifier),\r\n\t\t\tform_disabled = function(){cff_form_disabled(_form);},\r\n\t\t\tdisabling_form = function(){cff_disabling_form(_form);},\r\n\t\t\tenabling_form = function(){cff_enabling_form(_form);};\r\n\t\tif(form_disabled()) return false;\r\n\t\t_form.validate().settings.ignore = '.ignore';\r\n\t\tvar\tcpefb_error = !_form.validate().checkForm();\r\n\t\tvar\tvalidation_rules = cpcff_validation_rules[form_identifier],\r\n\t\t\tprocessing_form = function()\r\n\t\t\t{\r\n                \t\t\t\tfor(var rule in validation_rules)\r\n\t\t\t\t{\r\n\t\t\t\t\tif(!validation_rules[rule]) {\r\n\t\t\t\t\t\t$dexQuery(form).trigger('cff-form-validation', false);\r\n\t\t\t\t\t\treturn;\r\n\t\t\t\t\t}\r\n\t\t\t\t}\r\n\r\n\t\t\t\tif ( validation_only ) {\r\n\t\t\t\t\t$dexQuery(form).trigger('cff-form-validation', true);\r\n\t\t\t\t\treturn;\r\n\t\t\t\t}\r\n\t\t\t\t_form.find(\"[name$='_date'][type='hidden']\").each(function(){\r\n\t\t\t\t\tvar v  \t = $dexQuery(this).val(),\r\n\t\t\t\t\t\tname = $dexQuery(this).attr( 'name' ).replace('_date', ''),\r\n\t\t\t\t\t\te \t = $dexQuery(\"[name='\"+name+\"']\");\r\n\t\t\t\t\t\tif( e.length && ! $dexQuery(\"[id='\"+name+\"_datepicker_container']\").length ){ e.val( String( e.val().replace( v, '' ) ).trim() ); }\r\n\t\t\t\t});\r\n\t\t\t\t_form.find(\"select option[vt]\").each(function(){\r\n                    var e = $dexQuery(this);\r\n                    e.attr('cff-val-bk', e.val()).val(cff_sanitize(e.attr(\"vt\"), true));\r\n\t\t\t\t});\r\n\t\t\t\t_form.find(\"input[vt]\").each(function(){\r\n                    var e = $dexQuery(this),\r\n\t\t\t\t\t\tq = $dexQuery('[id=\"'+e.attr('id')+'_quantity\"]');\r\n                    e.attr('cff-val-bk', e.val()).val(cff_sanitize(e.attr(\"vt\"), true)+(q.length ? ' ('+Math.max(1, q.val())+')' : ''));\r\n\t\t\t\t});\r\n\t\t\t\t_form.find('.cpcff-recordset,.cff-exclude :input,[id^=\"form_structure_\"]')\r\n\t\t\t\t.add(_form.find( '.ignore' )).attr('cff-disabled', 1).prop('disabled', true);\r\n\t\t\t\tdisabling_form();\r\n\t\t\t\t\t\t\t\tif ( _form.attr( 'target' ) == undefined && window.self !== window.top ) {\r\n\t\t\t\t\t_form.attr( 'target', '_top' );\r\n\t\t\t\t}\r\n\t\t\t\tif ( _form.attr( 'target' ) != undefined && NOT( IN( _form.attr( 'target' ).toLowerCase(), [ '_blank', '_self', '_top', '' ] ) ) ) {\r\n\t\t\t\t\t$dexQuery('[name=\"'+_form.prop( 'target' )+'\"]').one('load', function(){\r\n\t\t\t\t\t\t_form.find('[cff-val-bk]').each(function(){\r\n\t\t\t\t\t\t\tvar e = $dexQuery(this);\r\n\t\t\t\t\t\t\te.val(e.attr('cff-val-bk')).removeAttr('cff-val-bk');\r\n\t\t\t\t\t\t});\r\n\t\t\t\t\t\t_form.find('[cff-disabled]').prop('disabled', false).removeAttr('cff-disabled');\r\n\t\t\t\t\t\tif(!\/^(\\s*|_self|_top|_parent)$\/i.test(_form.prop('target'))) {\r\n\t\t\t\t\t\t\tenabling_form();\r\n\t\t\t\t\t\t}\r\n\t\t\t\t\t\t$dexQuery(document).trigger('cff-form-submitted', _form);\r\n\t\t\t\t\t});\r\n\t\t\t\t}\r\n                _form[ 0 ].submit();\r\n\t\t\t};\r\n\t\ttry{\r\n\t\t\t_form.find('[name=\"cp_ref_page\"]').val(parent.window.document.location.href);\r\n\t\t} catch (err) {\r\n\t\t\t_form.find('[name=\"cp_ref_page\"]').val(document.location.href);\r\n\t\t}\r\n\t\tvalidation_rules['fields_validation_error'] = (cpefb_error==0);\r\n        \/* 1: Do not submit if the equations are being evaluated *\/\r\n        validation_rules['no_pending'] = (!(form_identifier in $dexQuery.fbuilder.calculator.processing_queue) || !$dexQuery.fbuilder.calculator.processing_queue[form_identifier]) && !$dexQuery.fbuilder.calculator.thereIsPending(form_identifier);\r\n\t\tif(!validation_rules['no_pending'])\r\n\t\t{\r\n\t\t\t$dexQuery(document).on('equationsQueueEmpty', function(evt, formId){\r\n\t\t\t\tif(formId == form_identifier)\r\n\t\t\t\t{\r\n\t\t\t\t\t$dexQuery(document).off('equationsQueueEmpty');\r\n\t\t\t\t\tvalidation_rules['no_pending']  = true;\r\n\t\t\t\t\tprocessing_form();\r\n\t\t\t\t}\r\n\t\t\t});\r\n\t\t}\r\n\t\t\/* End :1 *\/\r\n\t\tif (validation_rules['fields_validation_error'])\r\n\t\t{\r\n\t\t\t\t\tprocessing_form();\r\n\t\t\t\t}\r\n\t\telse\r\n\t\t{\r\n            _form.valid();\r\n            var page = $dexQuery('.cpefb_error:not(.message):not(.ignore):eq(0)').closest('.pbreak').attr('page')*1,\r\n\t\t\t\tmssg = [];\r\n            gotopage(page, _form);\r\n\t\t\t$dexQuery(form).trigger('cff-form-validation', false);\r\n\t\t\tenabling_form();\r\n\t\t\t$dexQuery( '.cff-error-dlg' ).remove();\r\n\t\t\t$dexQuery( document ).off('click', $dexQuery.fbuilder.closeErrorDlg);\r\n\t\t\tsetTimeout(function(){\r\n\t\t\t\tif ( mssg.length ) {\r\n\t\t\t\t\t$dexQuery( 'body' ).append( '<'+'div'+' class=\"cff-error-dlg\">'+mssg.join('<'+'br'+'>')+'<'+'\/'+'div'+'>' );\r\n\t\t\t\t}\r\n\t\t\t\t$dexQuery( document ).on('click', $dexQuery.fbuilder.closeErrorDlg);\r\n\t\t\t}, 50);\r\n\t\t\ttry {\r\n\t\t\t\tlet errorList = _form.validate().errorList;\r\n\t\t\t\terrorList.forEach( (e) => {\r\n\t\t\t\t\ttry {\r\n\t\t\t\t\t\tlet l = getField( e.element.name.match(\/fieldname\\d+_\\d+\/)[0] ).title;\r\n\t\t\t\t\t\tl = cff_sanitize(l, true).replace(\/\\:\\s*$\/, '');\r\n\t\t\t\t\t\tl = '<b>'+(l.length  ? l+': ' : '')+'<\/b>'+cff_sanitize(e.message, true);\r\n\t\t\t\t\t\tmssg.push( l );\r\n\t\t\t\t\t} catch(err){}\r\n\t\t\t\t} );\r\n\t\t\t} catch ( err ) {}\r\n\t\t}\r\n\t\treturn false;\r\n\t}\r\n\t<\/script><\/pre>\r\n\t<form name=\"cp_calculatedfieldsf_pform_1\" id=\"cp_calculatedfieldsf_pform_1\" action=\"https:\/\/renesance.opocno.cz\/en\/rocnik-2026\/prihlaska\/\" method=\"post\" enctype=\"multipart\/form-data\" onsubmit=\"return doValidate_1(this);\" class=\"cff-form\"  dir=\"ltr\" data-nonce=\"3ba0f33c1b\" data-trp-original-action=\"https:\/\/renesance.opocno.cz\/en\/rocnik-2026\/prihlaska\/\">\r\n\t\t\t<input type=\"hidden\" name=\"cp_calculatedfieldsf_pform_psequence\" value=\"_1\" \/><input type=\"hidden\" name=\"cp_calculatedfieldsf_pform_process\" value=\"1\" \/><input type=\"hidden\" name=\"cp_calculatedfieldsf_id\" value=\"12\" \/><input type=\"hidden\" name=\"cp_ref_page\" value=\"https:\/\/renesance.opocno.cz\" \/><pre style=\"display:none !important;\"><script type=\"text\/javascript\">form_structure_1=[[{\"form_identifier\":\"\",\"name\":\"fieldname26\",\"fieldlayout\":\"default\",\"shortlabel\":\"\",\"index\":0,\"ftype\":\"fhtml\",\"userhelp\":\"\",\"audiotutorial\":\"\",\"userhelpTooltip\":false,\"tooltipIcon\":false,\"csslayout\":\"\",\"advanced\":{\"css\":{\"container\":{\"label\":\"Field container div tag\",\"rules\":{}},\"label\":{\"label\":\"Field label\",\"rules\":{}},\"input\":{\"label\":\"Input tag\",\"rules\":{}},\"help\":{\"label\":\"Instructions for users\",\"rules\":{}}}},\"_developerNotes\":\"\",\"allowscript\":0,\"fcontent\":\"\\u003Ch3\\u003EVyberte kurz\\u003C\\\/h3\\u003E\",\"fBuild\":{},\"parent\":\"\"},{\"form_identifier\":\"\",\"name\":\"fieldname6\",\"fieldlayout\":\"default\",\"shortlabel\":\"\",\"index\":1,\"ftype\":\"fradio\",\"userhelp\":\"\",\"audiotutorial\":\"\",\"userhelpTooltip\":false,\"tooltipIcon\":false,\"csslayout\":\"\",\"advanced\":{\"css\":{\"container\":{\"label\":\"Field container div tag\",\"rules\":{}},\"label\":{\"label\":\"Field label\",\"rules\":{\"h2\":\"\"}},\"help\":{\"label\":\"Instructions for users\",\"rules\":{}},\"choice\":{\"label\":\"Choice text\",\"rules\":{\"font-size\":\"1.4em\"}}}},\"title\":\"Kurz:\",\"layout\":\"one_column\",\"required\":true,\"exclude\":false,\"accept_html\":false,\"readonly\":false,\"toSubmit\":\"text\",\"choiceSelected\":\"P\\u011bveck\\u00e1 s\\u00f3lov\\u00e1 t\\u0159\\u00edda Nadine Balbeisi (3950 K\\u010d) - 3950\",\"showDep\":false,\"untickAccepted\":false,\"onoff\":0,\"choices\":[\"P\\u011bveck\\u00e1 s\\u00f3lov\\u00e1 t\\u0159\\u00edda Nadine Balbeisi (19.\\u201321. 8. 2026): 2350 K\\u010d\",\"T\\u0159\\u00edda viola da gamba Fernanda Mar\\u00edna (19.\\u201321. 8. 2026): 2350 K\\u010d\",\"Tane\\u010dn\\u00ed t\\u0159\\u00edda Letizie Dradi (17.\\u201322. 8. 2026): 4200 K\\u010d\"],\"choicesVal\":[\"2350\",\"2350\",\"4200\"],\"choicesDep\":[[],[],[]],\"fBuild\":{},\"parent\":\"\"},{\"dependencies\":[{\"rule\":\"\",\"complex\":false,\"fields\":[\"\"]}],\"form_identifier\":\"\",\"name\":\"fieldname36\",\"fieldlayout\":\"default\",\"shortlabel\":\"\",\"index\":2,\"ftype\":\"fCalculated\",\"userhelp\":\"\",\"audiotutorial\":\"\",\"userhelpTooltip\":false,\"tooltipIcon\":false,\"csslayout\":\"\",\"advanced\":{\"css\":{\"container\":{\"label\":\"Field container div tag\",\"rules\":{}},\"label\":{\"label\":\"Field label\",\"rules\":{\"font-size\":\"1.4em\"}},\"input\":{\"label\":\"Calculated field\",\"rules\":{\"font-size\":\"1.4em\"}},\"help\":{\"label\":\"Instructions for users\",\"rules\":{}}}},\"title\":\"K \\u00fahrad\\u011b (K\\u010d)\",\"_developerNotes\":\"\",\"predefined\":\"\",\"required\":false,\"exclude\":false,\"accept_html\":false,\"size\":\"large\",\"eq\":\"fieldname6\",\"min\":\"\",\"max\":\"\",\"suffix\":\"\",\"prefix\":\"\",\"decimalsymbol\":\".\",\"groupingsymbol\":\"\",\"readonly\":true,\"currency\":false,\"noEvalIfManual\":true,\"formatDynamically\":false,\"dynamicEval\":true,\"hidefield\":false,\"validate\":false,\"toolbar\":\"default|mathematical\",\"fBuild\":{},\"parent\":\"\"},{\"form_identifier\":\"\",\"name\":\"fieldname35\",\"fieldlayout\":\"default\",\"shortlabel\":\"\",\"index\":3,\"ftype\":\"fhtml\",\"userhelp\":\"\",\"audiotutorial\":\"\",\"userhelpTooltip\":false,\"tooltipIcon\":false,\"csslayout\":\"\",\"advanced\":{\"css\":{\"container\":{\"label\":\"Field container div tag\",\"rules\":{}},\"label\":{\"label\":\"Field label\",\"rules\":{}},\"input\":{\"label\":\"Input tag\",\"rules\":{}},\"help\":{\"label\":\"Instructions for users\",\"rules\":{}}}},\"_developerNotes\":\"\",\"allowscript\":0,\"fcontent\":\"\\u003Ch3\\u003EUbytov\\u00e1n\\u00ed\\u003C\\\/h3\\u003E\\u003Cbr\\u003E\\n\\u003Ch5\\u003EPokud vyberete tuto volbu, budeme V\\u00e1s kontaktovat s dal\\u0161\\u00edmi podrobnostmi.\\u003C\\\/h5\\u003E\",\"fBuild\":{},\"parent\":\"\"},{\"form_identifier\":\"\",\"name\":\"fieldname40\",\"fieldlayout\":\"default\",\"shortlabel\":\"\",\"index\":4,\"ftype\":\"fcheck\",\"userhelp\":\"\",\"audiotutorial\":\"\",\"userhelpTooltip\":false,\"tooltipIcon\":false,\"csslayout\":\"\",\"advanced\":{\"css\":{\"container\":{\"label\":\"Field container div tag\",\"rules\":{}},\"label\":{\"label\":\"Field label\",\"rules\":{}},\"input\":{\"label\":\"Input tag\",\"rules\":{}},\"help\":{\"label\":\"Instructions for users\",\"rules\":{}},\"choice\":{\"label\":\"Choice text\",\"rules\":{\"font-size\":\"1.4em\"}}}},\"title\":\"\",\"layout\":\"one_column\",\"required\":false,\"exclude\":false,\"accept_html\":false,\"readonly\":false,\"toSubmit\":\"text\",\"merge\":1,\"onoff\":0,\"quantity\":0,\"quantity_when_ticked\":0,\"max\":-1,\"min\":-1,\"maxError\":\"Check no more than {0} boxes\",\"minError\":\"Check at least {0} boxes\",\"showDep\":false,\"choices\":[\"M\\u00e1m z\\u00e1jem o zaji\\u0161t\\u011bn\\u00ed ubytov\\u00e1n\\u00ed\"],\"choicesVal\":[\"ANO\"],\"choiceSelected\":[false],\"choicesDep\":[[]],\"fBuild\":{},\"parent\":\"\"},{\"form_identifier\":\"\",\"name\":\"fieldname39\",\"fieldlayout\":\"default\",\"shortlabel\":\"\",\"index\":5,\"ftype\":\"fhtml\",\"userhelp\":\"\",\"audiotutorial\":\"\",\"userhelpTooltip\":false,\"tooltipIcon\":false,\"csslayout\":\"\",\"advanced\":{\"css\":{\"container\":{\"label\":\"Field container div tag\",\"rules\":{}},\"label\":{\"label\":\"Field label\",\"rules\":{}},\"input\":{\"label\":\"Input tag\",\"rules\":{}},\"help\":{\"label\":\"Instructions for users\",\"rules\":{}}}},\"_developerNotes\":\"\",\"allowscript\":0,\"fcontent\":\"\\u003Ch3\\u003EVypl\\u0148te kontaktn\\u00ed \\u00fadaje\\u003C\\\/h3\\u003E\",\"fBuild\":{},\"parent\":\"\"},{\"form_identifier\":\"\",\"name\":\"fieldname11\",\"fieldlayout\":\"default\",\"shortlabel\":\"\",\"index\":6,\"ftype\":\"ftext\",\"userhelp\":\"\",\"audiotutorial\":\"\",\"userhelpTooltip\":false,\"tooltipIcon\":false,\"csslayout\":\"\",\"advanced\":{\"css\":{\"container\":{\"label\":\"Field container div tag\",\"rules\":{}},\"label\":{\"label\":\"Field label\",\"rules\":{\"font-size\":\"1.4em\"}},\"input\":{\"label\":\"Input tag\",\"rules\":{\"font-size\":\"1.4em\"}},\"help\":{\"label\":\"Instructions for users\",\"rules\":{}}}},\"title\":\"Jm\\u00e9no a p\\u0159\\u00edjmen\\u00ed\",\"autocomplete\":\"off\",\"predefined\":\"\",\"predefinedClick\":false,\"required\":true,\"exclude\":false,\"accept_html\":false,\"readonly\":false,\"size\":\"large\",\"minlength\":\"\",\"maxlength\":\"\",\"equalTo\":\"\",\"regExp\":\"\",\"regExpMssg\":\"\",\"fBuild\":{},\"parent\":\"\"},{\"form_identifier\":\"\",\"name\":\"fieldname12\",\"fieldlayout\":\"default\",\"shortlabel\":\"\",\"index\":7,\"ftype\":\"fnumber\",\"userhelp\":\"\",\"audiotutorial\":\"\",\"userhelpTooltip\":false,\"tooltipIcon\":false,\"csslayout\":\"\",\"advanced\":{\"css\":{\"container\":{\"label\":\"Field container div tag\",\"rules\":{}},\"label\":{\"label\":\"Field label\",\"rules\":{\"font-size\":\"1.4em\"}},\"input\":{\"label\":\"Input tag\",\"rules\":{\"font-size\":\"1.4em\"}},\"help\":{\"label\":\"Instructions for users\",\"rules\":{}},\"spinner_left\":{\"label\":\"Left spinner\",\"rules\":{}},\"spinner_right\":{\"label\":\"Right spinner\",\"rules\":{}}}},\"title\":\"V\\u011bk\",\"predefined\":\"\",\"predefinedClick\":false,\"required\":true,\"exclude\":false,\"readonly\":false,\"numberpad\":false,\"spinner\":false,\"size\":\"large\",\"prefix\":\"\",\"postfix\":\"\",\"thousandSeparator\":\"\",\"decimalSymbol\":\".\",\"min\":\"\",\"max\":\"\",\"step\":\"\",\"formatDynamically\":false,\"twoDecimals\":false,\"dformat\":\"digits\",\"formats\":[\"digits\",\"number\",\"percent\"],\"fBuild\":{},\"parent\":\"\"},{\"form_identifier\":\"\",\"name\":\"fieldname10\",\"fieldlayout\":\"default\",\"shortlabel\":\"\",\"index\":8,\"ftype\":\"femail\",\"userhelp\":\"\",\"audiotutorial\":\"\",\"userhelpTooltip\":false,\"tooltipIcon\":false,\"csslayout\":\"\",\"advanced\":{\"css\":{\"container\":{\"label\":\"Field container div tag\",\"rules\":{}},\"label\":{\"label\":\"Field label\",\"rules\":{\"font-size\":\"1.4em\"}},\"input\":{\"label\":\"Input tag\",\"rules\":{\"font-size\":\"1.4em\"}},\"help\":{\"label\":\"Instructions for users\",\"rules\":{}}}},\"title\":\"E-mail\",\"autocomplete\":\"off\",\"predefined\":\"\",\"predefinedClick\":false,\"required\":true,\"exclude\":false,\"readonly\":false,\"size\":\"large\",\"equalTo\":\"\",\"regExp\":\"\",\"regExpMssg\":\"\",\"fBuild\":{},\"parent\":\"\"},{\"form_identifier\":\"\",\"name\":\"fieldname24\",\"fieldlayout\":\"default\",\"shortlabel\":\"\",\"index\":9,\"ftype\":\"fnumber\",\"userhelp\":\"\",\"audiotutorial\":\"\",\"userhelpTooltip\":false,\"tooltipIcon\":false,\"csslayout\":\"\",\"advanced\":{\"css\":{\"container\":{\"label\":\"Field container div tag\",\"rules\":{}},\"label\":{\"label\":\"Field label\",\"rules\":{\"font-size\":\"1.4em\"}},\"input\":{\"label\":\"Input tag\",\"rules\":{\"font-size\":\"1.4em\"}},\"help\":{\"label\":\"Instructions for users\",\"rules\":{}},\"spinner_left\":{\"label\":\"Left spinner\",\"rules\":{}},\"spinner_right\":{\"label\":\"Right spinner\",\"rules\":{}}}},\"title\":\"Telefon\",\"predefined\":\"\",\"predefinedClick\":false,\"required\":true,\"exclude\":false,\"readonly\":false,\"numberpad\":false,\"spinner\":false,\"size\":\"large\",\"prefix\":\"\",\"postfix\":\"\",\"thousandSeparator\":\"\",\"decimalSymbol\":\".\",\"min\":\"\",\"max\":\"\",\"step\":\"\",\"formatDynamically\":false,\"twoDecimals\":false,\"dformat\":\"digits\",\"formats\":[\"digits\",\"number\",\"percent\"],\"fBuild\":{},\"parent\":\"\"},{\"form_identifier\":\"\",\"name\":\"fieldname38\",\"fieldlayout\":\"default\",\"shortlabel\":\"\",\"index\":10,\"ftype\":\"fhtml\",\"userhelp\":\"\",\"audiotutorial\":\"\",\"userhelpTooltip\":false,\"tooltipIcon\":false,\"csslayout\":\"\",\"advanced\":{\"css\":{\"container\":{\"label\":\"Field container div tag\",\"rules\":{}},\"label\":{\"label\":\"Field label\",\"rules\":{}},\"input\":{\"label\":\"Input tag\",\"rules\":{}},\"help\":{\"label\":\"Instructions for users\",\"rules\":{}}}},\"_developerNotes\":\"\",\"allowscript\":0,\"fcontent\":\"\\u003Ch3\\u003Ea je\\u0161t\\u011b n\\u011bco m\\u00e1lo o V\\u00e1s\\u003C\\\/h3\\u003E\",\"fBuild\":{},\"parent\":\"\"},{\"form_identifier\":\"\",\"name\":\"fieldname14\",\"fieldlayout\":\"default\",\"shortlabel\":\"\",\"index\":11,\"ftype\":\"ftextarea\",\"userhelp\":\"\",\"audiotutorial\":\"\",\"userhelpTooltip\":false,\"tooltipIcon\":false,\"csslayout\":\"\",\"advanced\":{\"css\":{\"container\":{\"label\":\"Field container div tag\",\"rules\":{}},\"label\":{\"label\":\"Field label\",\"rules\":{\"font-size\":\"1.4em\"}},\"input\":{\"label\":\"Input tag\",\"rules\":{}},\"help\":{\"label\":\"Instructions for users\",\"rules\":{\"font-size\":\"1.2em\"}},\"textarea\":{\"label\":\"Text area\",\"rules\":{\"font-size\":\"1.2em\"}}}},\"title\":\"Moje zku\\u0161enosti\",\"autocomplete\":\"off\",\"predefined\":\"Va\\u0161e tane\\u010dn\\u00ed, hudebn\\u00ed \\u010di p\\u011bveck\\u00e9 zku\\u0161enosti. V p\\u0159\\u00edpad\\u011b zp\\u011bvu i hlasovou polohu.\",\"predefinedClick\":true,\"required\":true,\"exclude\":false,\"accept_html\":false,\"readonly\":false,\"size\":\"large\",\"minlength\":\"\",\"maxlength\":\"\",\"rows\":4,\"fBuild\":{},\"parent\":\"\"},{\"form_identifier\":\"\",\"name\":\"fieldname15\",\"fieldlayout\":\"default\",\"shortlabel\":\"\",\"index\":12,\"ftype\":\"facceptance\",\"userhelp\":\"\",\"audiotutorial\":\"\",\"userhelpTooltip\":false,\"tooltipIcon\":false,\"csslayout\":\"\",\"advanced\":{\"css\":{\"container\":{\"label\":\"Field container div tag\",\"rules\":{}},\"label\":{\"label\":\"Field label\",\"rules\":{}},\"input\":{\"label\":\"Input tag\",\"rules\":{}},\"help\":{\"label\":\"Instructions for users\",\"rules\":{}},\"choice\":{\"label\":\"Choice text\",\"rules\":{\"font-size\":\"1.4em\"}},\"text\":{\"label\":\"Acknowledgement text\",\"rules\":{}}}},\"title\":\"Souhlas\\u00edm se zpracov\\u00e1n\\u00edm osobn\\u00edch \\u00fadaj\\u016f\",\"value\":\"Souhlas\\u00edm\",\"url\":\"\",\"message\":\"Souhlas\\u00edm se zpracov\\u00e1n\\u00edm osobn\\u00edch \\u00fadaj\\u016f ve smyslu z\\u00e1kona \\u010d. 101\\\/2000 Sb., o ochran\\u011b osobn\\u00edch \\u00fadaj\\u016f, ve zn\\u011bn\\u00ed pozd\\u011bj\\u0161\\u00edch p\\u0159edpis\\u016f. Va\\u0161e \\u00fadaje budou pou\\u017eity pouze pro \\u00fa\\u010dely registrace na V\\u00e1mi vybran\\u00fd kurz \\u010di pro \\u00fa\\u010dely zaji\\u0161t\\u011bn\\u00ed ubytov\\u00e1n\\u00ed.\",\"required\":true,\"exclude\":false,\"onoff\":0,\"fBuild\":{},\"parent\":\"\"},{\"form_identifier\":\"\",\"name\":\"fieldname37\",\"fieldlayout\":\"default\",\"shortlabel\":\"\",\"index\":13,\"ftype\":\"fhtml\",\"userhelp\":\"\",\"audiotutorial\":\"\",\"userhelpTooltip\":false,\"tooltipIcon\":false,\"csslayout\":\"\",\"advanced\":{\"css\":{\"container\":{\"label\":\"Field container div tag\",\"rules\":{}},\"label\":{\"label\":\"Field label\",\"rules\":{}},\"input\":{\"label\":\"Input tag\",\"rules\":{}},\"help\":{\"label\":\"Instructions for users\",\"rules\":{}}}},\"_developerNotes\":\"\",\"allowscript\":0,\"fcontent\":\"\\u003Ch5\\u003EPo vypln\\u011bn\\u00ed p\\u0159ihl\\u00e1\\u0161ky V\\u00e1m na e-mail za\\u0161leme instrukce k proveden\\u00ed platby (\\u010d\\u00edslo \\u00fa\\u010dtu a \\u010d\\u00e1stku a tak\\u00e9 k\\u00f3d pro QR platbu)\\u003C\\\/h5\\u003E\",\"fBuild\":{},\"parent\":\"\"}],{\"0\":{\"title\":\"\",\"titletag\":\"H6\",\"textalign\":\"default\",\"headertextcolor\":\"\",\"description\":\"\",\"formlayout\":\"top_aligned\",\"formtemplate\":\"\",\"evalequations\":1,\"evalequations_delay\":0,\"evalequationsevent\":2,\"direction\":\"ltr\",\"loading_animation\":0,\"autocomplete\":1,\"persistence\":0,\"animate_form\":0,\"animation_effect\":\"fade\",\"customstyles\":\"\",\"request_cost\":\"fieldname11\",\"advanced\":{\"css\":{\"title\":{\"label\":\"Form title\",\"rules\":{}},\"description\":{\"label\":\"Form description\",\"rules\":{}},\"form\":{\"label\":\"Form area\",\"rules\":{\"font-size\":\"\"}},\"buttons\":{\"label\":\"Form context buttons (Next page, Previous page, Submit)\",\"rules\":{}},\"buttons_hover\":{\"label\":\"Form context buttons hover\",\"rules\":{}},\"error_bubble\":{\"label\":\"Error bubbles\",\"rules\":{}},\"error_bubble_arrow\":{\"label\":\"Error bubble arrow\",\"rules\":{\"border-bottom-color\":\"\"},\"restrict\":true}}}},\"formid\":\"cp_calculatedfieldsf_pform_1\",\"setCache\":false,\"cache\":false}];<\/script><\/pre>\r\n\t\t<div id=\"fbuilder\">\r\n\t\t\t\t\t\t<div id=\"fbuilder_1\">\r\n\t\t\t\t<div id=\"formheader_1\"><\/div>\r\n\t\t\t\t<div id=\"fieldlist_1\"><\/div>\r\n                <div class=\"clearer\"><\/div>\r\n\t\t\t<\/div>\r\n\t\t\t<div id=\"cpcaptchalayer_1\" class=\"cpcaptchalayer\" style=\"display:none;\">\r\n\t\t\t            \t\t\t<div class=\"fields\" id=\"field-c0\" style=\"display:none\">\r\n\t\t\t\t<label>Payment options<\/label>\r\n\t\t\t\t<div class=\"dfield\">\r\n\t\t\t\t \t\t\t\t <!--addons-payment-options-->\r\n    \t\t\t \t\t\t\t<\/div>\r\n\t\t\t\t<div class=\"clearer\"><\/div>\r\n\t\t\t<\/div>\r\n\t\t\t<!--addons-payment-fields-->\r\n\t\t\t\t\t\t<!--add-ons-->\r\n\t\t\t<\/div>\r\n\t\t\t\t\t\t<div id=\"cp_subbtn_1\" class=\"cp_subbtn\" style=\"display:none;\">Odeslat p\u0159ihl\u00e1\u0161ku<\/div>\r\n\t\t\t\t\t\t<div class=\"clearer\"><\/div>\r\n\t\t<\/div>\r\n\t<input type=\"hidden\" id=\"_cpcff_public_nonce\" name=\"_cpcff_public_nonce\" value=\"290fba9901\" \/><input type=\"hidden\" name=\"_wp_http_referer\" value=\"\/en\/wp-json\/wp\/v2\/pages\/916\" \/>    <input type=\"hidden\" name=\"trp-form-language\" value=\"en\"\/><\/form>\r\n\r\n\r\n\r\n\r\n<div style=\"height:24px\" aria-hidden=\"true\" class=\"wp-block-spacer wp-container-content-1\"><\/div>\r\n<\/div>","protected":false},"excerpt":{"rendered":"","protected":false},"author":1,"featured_media":0,"parent":3245,"menu_order":0,"comment_status":"closed","ping_status":"closed","template":"","meta":{"footnotes":""},"class_list":["post-916","page","type-page","status-publish","hentry"],"_links":{"self":[{"href":"https:\/\/renesance.opocno.cz\/en\/wp-json\/wp\/v2\/pages\/916","targetHints":{"allow":["GET"]}}],"collection":[{"href":"https:\/\/renesance.opocno.cz\/en\/wp-json\/wp\/v2\/pages"}],"about":[{"href":"https:\/\/renesance.opocno.cz\/en\/wp-json\/wp\/v2\/types\/page"}],"author":[{"embeddable":true,"href":"https:\/\/renesance.opocno.cz\/en\/wp-json\/wp\/v2\/users\/1"}],"replies":[{"embeddable":true,"href":"https:\/\/renesance.opocno.cz\/en\/wp-json\/wp\/v2\/comments?post=916"}],"version-history":[{"count":46,"href":"https:\/\/renesance.opocno.cz\/en\/wp-json\/wp\/v2\/pages\/916\/revisions"}],"predecessor-version":[{"id":3300,"href":"https:\/\/renesance.opocno.cz\/en\/wp-json\/wp\/v2\/pages\/916\/revisions\/3300"}],"up":[{"embeddable":true,"href":"https:\/\/renesance.opocno.cz\/en\/wp-json\/wp\/v2\/pages\/3245"}],"wp:attachment":[{"href":"https:\/\/renesance.opocno.cz\/en\/wp-json\/wp\/v2\/media?parent=916"}],"curies":[{"name":"wp","href":"https:\/\/api.w.org\/{rel}","templated":true}]}}